{"id":275,"date":"2018-03-29T18:46:51","date_gmt":"2018-03-29T18:46:51","guid":{"rendered":"https:\/\/demo.afthemes.com\/elegant-magazine\/newsportal\/?page_id=10"},"modified":"2022-03-14T10:21:57","modified_gmt":"2022-03-14T13:21:57","slug":"home-2","status":"publish","type":"page","link":"https:\/\/markd.com.br\/models\/","title":{"rendered":"Portal Destaque &#8211; Not\u00edcias em tempo real, na palma da sua m\u00e3o"},"content":{"rendered":"","protected":false},"excerpt":{"rendered":"","protected":false},"author":5,"featured_media":0,"parent":0,"menu_order":0,"comment_status":"closed","ping_status":"closed","template":"tmpl-front-page.php","meta":{"footnotes":""},"class_list":["post-275","page","type-page","status-publish","hentry"],"yoast_head":"<!-- This site is optimized with the Yoast SEO plugin v24.4 - https:\/\/yoast.com\/wordpress\/plugins\/seo\/ -->\n<title>Portal Destaque - Not\u00edcias em tempo real, na palma da sua m\u00e3o - Not\u00edcias de Todos - Models01<\/title>\n<meta name=\"robots\" content=\"index, follow, max-snippet:-1, max-image-preview:large, max-video-preview:-1\" \/>\n<link rel=\"canonical\" href=\"https:\/\/markd.com.br\/models\/\" \/>\n<meta property=\"og:locale\" content=\"pt_BR\" \/>\n<meta property=\"og:type\" content=\"article\" \/>\n<meta property=\"og:title\" content=\"Portal Destaque - Not\u00edcias em tempo real, na palma da sua m\u00e3o - Not\u00edcias de Todos - Models01\" \/>\n<meta property=\"og:url\" content=\"https:\/\/markd.com.br\/models\/\" \/>\n<meta property=\"og:site_name\" content=\"Not\u00edcias de Todos - Models01\" \/>\n<meta property=\"article:modified_time\" content=\"2022-03-14T13:21:57+00:00\" \/>\n<meta name=\"twitter:card\" content=\"summary_large_image\" \/>\n<script type=\"application\/ld+json\" class=\"yoast-schema-graph\">{\"@context\":\"https:\/\/schema.org\",\"@graph\":[{\"@type\":\"WebPage\",\"@id\":\"https:\/\/markd.com.br\/models\/\",\"url\":\"https:\/\/markd.com.br\/models\/\",\"name\":\"Portal Destaque - Not\u00edcias em tempo real, na palma da sua m\u00e3o - Not\u00edcias de Todos - Models01\",\"isPartOf\":{\"@id\":\"https:\/\/markd.com.br\/models\/#website\"},\"datePublished\":\"2018-03-29T18:46:51+00:00\",\"dateModified\":\"2022-03-14T13:21:57+00:00\",\"breadcrumb\":{\"@id\":\"https:\/\/markd.com.br\/models\/#breadcrumb\"},\"inLanguage\":\"pt-BR\",\"potentialAction\":[{\"@type\":\"ReadAction\",\"target\":[\"https:\/\/markd.com.br\/models\/\"]}]},{\"@type\":\"BreadcrumbList\",\"@id\":\"https:\/\/markd.com.br\/models\/#breadcrumb\",\"itemListElement\":[{\"@type\":\"ListItem\",\"position\":1,\"name\":\"In\u00edcio\",\"item\":\"https:\/\/markd.com.br\/models\/\"},{\"@type\":\"ListItem\",\"position\":2,\"name\":\"Portal Destaque &#8211; Not\u00edcias em tempo real, na palma da sua m\u00e3o\"}]},{\"@type\":\"WebSite\",\"@id\":\"https:\/\/markd.com.br\/models\/#website\",\"url\":\"https:\/\/markd.com.br\/models\/\",\"name\":\"Not\u00edcias de Todos - Models01\",\"description\":\"Tenha um Portal de Not\u00edcias Moderno, Din\u00e2mico, R\u00e1pido e Profissional. Entregamos seu Site de  Not\u00edcias Pronto, Instalado, Hospedado, com Manual Passo a Passo e Suporte 24 horas.\",\"potentialAction\":[{\"@type\":\"SearchAction\",\"target\":{\"@type\":\"EntryPoint\",\"urlTemplate\":\"https:\/\/markd.com.br\/models\/?s={search_term_string}\"},\"query-input\":{\"@type\":\"PropertyValueSpecification\",\"valueRequired\":true,\"valueName\":\"search_term_string\"}}],\"inLanguage\":\"pt-BR\"}]}<\/script>\n<!-- \/ Yoast SEO plugin. -->","yoast_head_json":{"title":"Portal Destaque - Not\u00edcias em tempo real, na palma da sua m\u00e3o - Not\u00edcias de Todos - Models01","robots":{"index":"index","follow":"follow","max-snippet":"max-snippet:-1","max-image-preview":"max-image-preview:large","max-video-preview":"max-video-preview:-1"},"canonical":"https:\/\/markd.com.br\/models\/","og_locale":"pt_BR","og_type":"article","og_title":"Portal Destaque - Not\u00edcias em tempo real, na palma da sua m\u00e3o - Not\u00edcias de Todos - Models01","og_url":"https:\/\/markd.com.br\/models\/","og_site_name":"Not\u00edcias de Todos - Models01","article_modified_time":"2022-03-14T13:21:57+00:00","twitter_card":"summary_large_image","schema":{"@context":"https:\/\/schema.org","@graph":[{"@type":"WebPage","@id":"https:\/\/markd.com.br\/models\/","url":"https:\/\/markd.com.br\/models\/","name":"Portal Destaque - Not\u00edcias em tempo real, na palma da sua m\u00e3o - Not\u00edcias de Todos - Models01","isPartOf":{"@id":"https:\/\/markd.com.br\/models\/#website"},"datePublished":"2018-03-29T18:46:51+00:00","dateModified":"2022-03-14T13:21:57+00:00","breadcrumb":{"@id":"https:\/\/markd.com.br\/models\/#breadcrumb"},"inLanguage":"pt-BR","potentialAction":[{"@type":"ReadAction","target":["https:\/\/markd.com.br\/models\/"]}]},{"@type":"BreadcrumbList","@id":"https:\/\/markd.com.br\/models\/#breadcrumb","itemListElement":[{"@type":"ListItem","position":1,"name":"In\u00edcio","item":"https:\/\/markd.com.br\/models\/"},{"@type":"ListItem","position":2,"name":"Portal Destaque &#8211; Not\u00edcias em tempo real, na palma da sua m\u00e3o"}]},{"@type":"WebSite","@id":"https:\/\/markd.com.br\/models\/#website","url":"https:\/\/markd.com.br\/models\/","name":"Not\u00edcias de Todos - Models01","description":"Tenha um Portal de Not\u00edcias Moderno, Din\u00e2mico, R\u00e1pido e Profissional. Entregamos seu Site de  Not\u00edcias Pronto, Instalado, Hospedado, com Manual Passo a Passo e Suporte 24 horas.","potentialAction":[{"@type":"SearchAction","target":{"@type":"EntryPoint","urlTemplate":"https:\/\/markd.com.br\/models\/?s={search_term_string}"},"query-input":{"@type":"PropertyValueSpecification","valueRequired":true,"valueName":"search_term_string"}}],"inLanguage":"pt-BR"}]}},"_links":{"self":[{"href":"https:\/\/markd.com.br\/models\/wp-json\/wp\/v2\/pages\/275","targetHints":{"allow":["GET"]}}],"collection":[{"href":"https:\/\/markd.com.br\/models\/wp-json\/wp\/v2\/pages"}],"about":[{"href":"https:\/\/markd.com.br\/models\/wp-json\/wp\/v2\/types\/page"}],"author":[{"embeddable":true,"href":"https:\/\/markd.com.br\/models\/wp-json\/wp\/v2\/users\/5"}],"replies":[{"embeddable":true,"href":"https:\/\/markd.com.br\/models\/wp-json\/wp\/v2\/comments?post=275"}],"version-history":[{"count":2,"href":"https:\/\/markd.com.br\/models\/wp-json\/wp\/v2\/pages\/275\/revisions"}],"predecessor-version":[{"id":746,"href":"https:\/\/markd.com.br\/models\/wp-json\/wp\/v2\/pages\/275\/revisions\/746"}],"wp:attachment":[{"href":"https:\/\/markd.com.br\/models\/wp-json\/wp\/v2\/media?parent=275"}],"curies":[{"name":"wp","href":"https:\/\/api.w.org\/{rel}","templated":true}]}}